{"id":14403,"date":"2024-07-05T11:30:18","date_gmt":"2024-07-05T11:30:18","guid":{"rendered":"https:\/\/dev.zecha.de\/neues-branding\/"},"modified":"2025-01-06T13:30:16","modified_gmt":"2025-01-06T13:30:16","slug":"neues-branding","status":"publish","type":"page","link":"https:\/\/zecha.de\/de\/neues-branding\/","title":{"rendered":"NEUES BRANDING"},"content":{"rendered":"\t\t<div data-elementor-type=\"wp-page\" data-elementor-id=\"14403\" class=\"elementor elementor-14403 elementor-12000\" data-elementor-post-type=\"page\">\n\t\t\t\t<div class=\"elementor-element elementor-element-9fd7859 e-flex e-con-boxed e-con e-parent\" data-id=\"9fd7859\" data-element_type=\"container\" data-e-type=\"container\">\n\t\t\t\t\t<div class=\"e-con-inner\">\n\t\t\t\t<div class=\"elementor-element elementor-element-2c3f547 elementor-widget elementor-widget-image\" data-id=\"2c3f547\" data-element_type=\"widget\" data-e-type=\"widget\" data-widget_type=\"image.default\">\n\t\t\t\t<div class=\"elementor-widget-container\">\n\t\t\t\t\t\t\t\t\t\t\t\t\t\t\t<img fetchpriority=\"high\" decoding=\"async\" width=\"1024\" height=\"246\" src=\"https:\/\/zecha.de\/wp-content\/uploads\/2023\/04\/ZZechaGelbSchwarz-1024x246.png\" class=\"attachment-large size-large wp-image-751\" alt=\"\" srcset=\"https:\/\/zecha.de\/wp-content\/uploads\/2023\/04\/ZZechaGelbSchwarz-1024x246.png 1024w, https:\/\/zecha.de\/wp-content\/uploads\/2023\/04\/ZZechaGelbSchwarz-300x72.png 300w, https:\/\/zecha.de\/wp-content\/uploads\/2023\/04\/ZZechaGelbSchwarz-768x184.png 768w, https:\/\/zecha.de\/wp-content\/uploads\/2023\/04\/ZZechaGelbSchwarz.png 1042w\" sizes=\"(max-width:767px) 700px, (max-width:1024px) 100vw, 1024px\" \/>\t\t\t\t\t\t\t\t\t\t\t\t\t\t\t<\/div>\n\t\t\t\t<\/div>\n\t\t\t\t<div class=\"elementor-element elementor-element-366f930 elementor-widget elementor-widget-heading\" data-id=\"366f930\" data-element_type=\"widget\" data-e-type=\"widget\" data-widget_type=\"heading.default\">\n\t\t\t\t<div class=\"elementor-widget-container\">\n\t\t\t\t\t<h3 class=\"elementor-heading-title elementor-size-default\">DAS NEUE ZECHA-BRANDING<\/h3>\t\t\t\t<\/div>\n\t\t\t\t<\/div>\n\t\t<div class=\"elementor-element elementor-element-4344cab e-con-full e-flex e-con e-child\" data-id=\"4344cab\" data-element_type=\"container\" data-e-type=\"container\">\n\t\t\t\t<div class=\"elementor-element elementor-element-3775ae8 elementor-hidden-mobile elementor-widget elementor-widget-text-editor\" data-id=\"3775ae8\" data-element_type=\"widget\" data-e-type=\"widget\" data-widget_type=\"text-editor.default\">\n\t\t\t\t<div class=\"elementor-widget-container\">\n\t\t\t\t\t\t\t\t\t<p>Willkommen zum neuen Gesicht von ZECHA! Unser aufgefrischtes Branding markiert ein spannendes Kapitel in unserer Reise und spiegelt unser Engagement f\u00fcr Pr\u00e4zision und Innovation wider. Auf dieser Seite werden wir die verschiedenen Elemente unseres neuen Brandings erkunden und zeigen, wie diese Entwicklung das Erbe der Exzellenz in unseren Werkzeugen fortf\u00fchrt. Entdecken Sie, wie unsere neue Identit\u00e4t den ZECHA-Geist und unser Engagement f\u00fcr die Schaffung au\u00dfergew\u00f6hnlicher Produkte, die Branchenstandards setzen, verk\u00f6rpert. Feiern Sie mit uns diesen Meilenstein und begleiten Sie uns weiterhin dabei, die Grenzen des Machbaren in der Pr\u00e4zisionswerkzeugtechnik zu erweitern.<\/p>\n\t\t\t\t\t\t\t\t<\/div>\n\t\t\t\t<\/div>\n\t\t\t\t<\/div>\n\t\t\t\t\t<\/div>\n\t\t\t\t<\/div>\n\t\t<div class=\"elementor-element elementor-element-bbf449b e-flex e-con-boxed e-con e-parent\" data-id=\"bbf449b\" data-element_type=\"container\" data-e-type=\"container\" data-settings=\"{&quot;background_background&quot;:&quot;classic&quot;}\">\n\t\t\t\t\t<div class=\"e-con-inner\">\n\t\t<div class=\"elementor-element elementor-element-fc16cbf e-con-full e-flex e-con e-child\" data-id=\"fc16cbf\" data-element_type=\"container\" data-e-type=\"container\">\n\t\t\t\t<div class=\"elementor-element elementor-element-5db3c7d elementor-widget-mobile__width-initial elementor-widget elementor-widget-heading\" data-id=\"5db3c7d\" data-element_type=\"widget\" data-e-type=\"widget\" data-widget_type=\"heading.default\">\n\t\t\t\t<div class=\"elementor-widget-container\">\n\t\t\t\t\t<h1 class=\"elementor-heading-title elementor-size-default\"><b> DAS NEUE LOGO <\/b><\/h1>\t\t\t\t<\/div>\n\t\t\t\t<\/div>\n\t\t\t\t<div class=\"elementor-element elementor-element-c80b057 elementor-widget__width-initial elementor-widget elementor-widget-text-editor\" data-id=\"c80b057\" data-element_type=\"widget\" data-e-type=\"widget\" data-widget_type=\"text-editor.default\">\n\t\t\t\t<div class=\"elementor-widget-container\">\n\t\t\t\t\t\t\t\t\t<p>Unser neues Logo zeigt einen perfekten Kreis, der die makellose Konzentrizit\u00e4t unserer Werkzeuge symbolisiert \u2013 den Eckpfeiler der Pr\u00e4zision. <br \/>W\u00e4hrend wir die urspr\u00fcnglichen Farben beibehalten haben, haben wir das ikonische &#8220;Z&#8221;, das \u00fcber die Jahre hinweg im Mittelpunkt unseres Logos stand, dezent verfeinert.<\/p>\n\t\t\t\t\t\t\t\t<\/div>\n\t\t\t\t<\/div>\n\t\t\t\t<\/div>\n\t\t<div class=\"elementor-element elementor-element-09f447d e-con-full e-flex e-con e-child\" data-id=\"09f447d\" data-element_type=\"container\" data-e-type=\"container\">\n\t\t\t\t<div class=\"elementor-element elementor-element-493eb51 elementor-widget__width-initial elementor-widget elementor-widget-image\" data-id=\"493eb51\" data-element_type=\"widget\" data-e-type=\"widget\" data-widget_type=\"image.default\">\n\t\t\t\t<div class=\"elementor-widget-container\">\n\t\t\t\t\t\t\t\t\t\t\t\t\t\t\t<img decoding=\"async\" width=\"1024\" height=\"493\" src=\"https:\/\/zecha.de\/wp-content\/uploads\/2024\/07\/BrandingPic1-1-1024x493.jpg\" class=\"attachment-large size-large wp-image-13591\" alt=\"\" srcset=\"https:\/\/zecha.de\/wp-content\/uploads\/2024\/07\/BrandingPic1-1-1024x493.jpg 1024w, https:\/\/zecha.de\/wp-content\/uploads\/2024\/07\/BrandingPic1-1-300x144.jpg 300w, https:\/\/zecha.de\/wp-content\/uploads\/2024\/07\/BrandingPic1-1-768x370.jpg 768w, https:\/\/zecha.de\/wp-content\/uploads\/2024\/07\/BrandingPic1-1-150x72.jpg 150w, https:\/\/zecha.de\/wp-content\/uploads\/2024\/07\/BrandingPic1-1-700x337.jpg 700w, https:\/\/zecha.de\/wp-content\/uploads\/2024\/07\/BrandingPic1-1.jpg 1080w\" sizes=\"(max-width:767px) 700px, (max-width:1024px) 100vw, 1024px\" \/>\t\t\t\t\t\t\t\t\t\t\t\t\t\t\t<\/div>\n\t\t\t\t<\/div>\n\t\t\t\t<\/div>\n\t\t\t\t\t<\/div>\n\t\t\t\t<\/div>\n\t\t<div class=\"elementor-element elementor-element-d6073a1 e-flex e-con-boxed e-con e-parent\" data-id=\"d6073a1\" data-element_type=\"container\" data-e-type=\"container\">\n\t\t\t\t\t<div class=\"e-con-inner\">\n\t\t<div class=\"elementor-element elementor-element-d541905 e-con-full e-flex e-con e-child\" data-id=\"d541905\" data-element_type=\"container\" data-e-type=\"container\">\n\t\t\t\t<div class=\"elementor-element elementor-element-0474900 elementor-widget__width-initial elementor-widget elementor-widget-image\" data-id=\"0474900\" data-element_type=\"widget\" data-e-type=\"widget\" data-widget_type=\"image.default\">\n\t\t\t\t<div class=\"elementor-widget-container\">\n\t\t\t\t\t\t\t\t\t\t\t\t\t\t\t<img decoding=\"async\" width=\"1024\" height=\"1024\" src=\"https:\/\/zecha.de\/wp-content\/uploads\/2024\/08\/BrandingPic2DE-1024x1024.jpg\" class=\"attachment-large size-large wp-image-14554\" alt=\"\" srcset=\"https:\/\/zecha.de\/wp-content\/uploads\/2024\/08\/BrandingPic2DE-1024x1024.jpg 1024w, https:\/\/zecha.de\/wp-content\/uploads\/2024\/08\/BrandingPic2DE-300x300.jpg 300w, https:\/\/zecha.de\/wp-content\/uploads\/2024\/08\/BrandingPic2DE-150x150.jpg 150w, https:\/\/zecha.de\/wp-content\/uploads\/2024\/08\/BrandingPic2DE-768x768.jpg 768w, https:\/\/zecha.de\/wp-content\/uploads\/2024\/08\/BrandingPic2DE-75x75.jpg 75w, https:\/\/zecha.de\/wp-content\/uploads\/2024\/08\/BrandingPic2DE-700x700.jpg 700w, https:\/\/zecha.de\/wp-content\/uploads\/2024\/08\/BrandingPic2DE.jpg 1080w\" sizes=\"(max-width:767px) 700px, (max-width:1024px) 100vw, 1024px\" \/>\t\t\t\t\t\t\t\t\t\t\t\t\t\t\t<\/div>\n\t\t\t\t<\/div>\n\t\t\t\t<\/div>\n\t\t<div class=\"elementor-element elementor-element-8f7bf8b e-con-full e-flex e-con e-child\" data-id=\"8f7bf8b\" data-element_type=\"container\" data-e-type=\"container\">\n\t\t\t\t<div class=\"elementor-element elementor-element-896ffc0 elementor-widget-mobile__width-initial elementor-widget elementor-widget-heading\" data-id=\"896ffc0\" data-element_type=\"widget\" data-e-type=\"widget\" data-widget_type=\"heading.default\">\n\t\t\t\t<div class=\"elementor-widget-container\">\n\t\t\t\t\t<h1 class=\"elementor-heading-title elementor-size-default\"><b>VISUELLER STIL <\/b><\/h1>\t\t\t\t<\/div>\n\t\t\t\t<\/div>\n\t\t\t\t<div class=\"elementor-element elementor-element-2f29043 elementor-widget__width-initial elementor-widget elementor-widget-text-editor\" data-id=\"2f29043\" data-element_type=\"widget\" data-e-type=\"widget\" data-widget_type=\"text-editor.default\">\n\t\t\t\t<div class=\"elementor-widget-container\">\n\t\t\t\t\t\t\t\t\t<p>Unser visueller Stil nutzt den Kreis aus unserem neuen Logo, um die Schneidkanten unserer Werkzeuge hervorzuheben und die akribische Pr\u00e4zision zu pr\u00e4sentieren, die ZECHA-Produkte auszeichnet. Dieser Kreis hebt nicht nur unser Engagement f\u00fcr Genauigkeit hervor, sondern dient auch als visueller Anker, der die Aufmerksamkeit auf die wesentlichen Elemente lenkt, die eine \u00fcberlegene Leistung gew\u00e4hrleisten.<\/p>\n<p>Die Einbindung von handgezeichneten technischen Zeichnungen in den Hintergrund verleiht unserem Branding eine einzigartige, pers\u00f6nliche Note. Diese Illustrationen repr\u00e4sentieren die realen Menschen hinter ZECHA, die ihre Leidenschaft und umfangreiche Erfahrung in jedes von uns produzierte Werkzeug einflie\u00dfen lassen. Diese Mischung aus pr\u00e4ziser Geometrie und menschlicher Kunstfertigkeit unterstreicht unser Engagement, Werkzeuge zu schaffen, die nicht nur technisch \u00fcberlegen sind, sondern auch mit Sorgfalt und Fachkenntnis gefertigt werden. Dieser visuelle Ansatz spiegelt unser Verst\u00e4ndnis wider, dass au\u00dfergew\u00f6hnliche Werkzeuge aus der perfekten Harmonie von modernster Technologie und menschlichem Einfallsreichtum entstehen.<\/p>\n\t\t\t\t\t\t\t\t<\/div>\n\t\t\t\t<\/div>\n\t\t\t\t<\/div>\n\t\t\t\t\t<\/div>\n\t\t\t\t<\/div>\n\t\t<div class=\"elementor-element elementor-element-0f0feb2 e-flex e-con-boxed e-con e-parent\" data-id=\"0f0feb2\" data-element_type=\"container\" data-e-type=\"container\" data-settings=\"{&quot;background_background&quot;:&quot;classic&quot;}\">\n\t\t\t\t\t<div class=\"e-con-inner\">\n\t\t<div class=\"elementor-element elementor-element-2eff010 e-con-full e-flex e-con e-child\" data-id=\"2eff010\" data-element_type=\"container\" data-e-type=\"container\">\n\t\t\t\t<div class=\"elementor-element elementor-element-6fc9789 elementor-widget elementor-widget-spacer\" data-id=\"6fc9789\" data-element_type=\"widget\" data-e-type=\"widget\" data-widget_type=\"spacer.default\">\n\t\t\t\t<div class=\"elementor-widget-container\">\n\t\t\t\t\t\t\t<div class=\"elementor-spacer\">\n\t\t\t<div class=\"elementor-spacer-inner\"><\/div>\n\t\t<\/div>\n\t\t\t\t\t\t<\/div>\n\t\t\t\t<\/div>\n\t\t\t\t<div class=\"elementor-element elementor-element-646a244 elementor-widget-mobile__width-initial elementor-widget elementor-widget-heading\" data-id=\"646a244\" data-element_type=\"widget\" data-e-type=\"widget\" data-widget_type=\"heading.default\">\n\t\t\t\t<div class=\"elementor-widget-container\">\n\t\t\t\t\t<h1 class=\"elementor-heading-title elementor-size-default\"><b>AU\u00dfERGEW\u00d6HNLICH <\/b><\/h1>\t\t\t\t<\/div>\n\t\t\t\t<\/div>\n\t\t\t\t<div class=\"elementor-element elementor-element-8077651 elementor-widget__width-initial elementor-widget elementor-widget-text-editor\" data-id=\"8077651\" data-element_type=\"widget\" data-e-type=\"widget\" data-widget_type=\"text-editor.default\">\n\t\t\t\t<div class=\"elementor-widget-container\">\n\t\t\t\t\t\t\t\t\t<p>Bei ZECHA verwenden wir das deutsche Wort &#8220;au\u00dfergew\u00f6hnlich,&#8221; was auf Englisch &#8220;extraordinary&#8221; bedeutet. Dieser Begriff fasst unser Engagement f\u00fcr die Bereitstellung au\u00dfergew\u00f6hnlicher Produkte und Dienstleistungen perfekt zusammen. Wir verwenden &#8220;au\u00dfergew\u00f6hnlich,&#8221; um die unvergleichliche Qualit\u00e4t und Innovation zu vermitteln, die ZECHA-Werkzeuge auszeichnet.<\/p>\n<p>Unabh\u00e4ngig von der Sprache in unseren Marketingmaterialien wird &#8220;au\u00dfergew\u00f6hnlich&#8221; immer auf Deutsch bleiben. Diese Entscheidung ehrt unsere deutschen Wurzeln und unterstreicht das Erbe der Pr\u00e4zisionsingenieurkunst und Handwerkskunst, die das R\u00fcckgrat unserer Marke bilden. Indem wir dieses einzigartige Element beibehalten, betonen wir die Best\u00e4ndigkeit und Exzellenz, die unsere Kunden von ZECHA erwarten k\u00f6nnen, egal wo auf der Welt sie sich befinden.<\/p>\n\t\t\t\t\t\t\t\t<\/div>\n\t\t\t\t<\/div>\n\t\t\t\t<\/div>\n\t\t<div class=\"elementor-element elementor-element-d644426 e-con-full e-flex e-con e-child\" data-id=\"d644426\" data-element_type=\"container\" data-e-type=\"container\">\n\t\t\t\t<div class=\"elementor-element elementor-element-31339ec elementor-widget__width-initial elementor-widget elementor-widget-image\" data-id=\"31339ec\" data-element_type=\"widget\" data-e-type=\"widget\" data-widget_type=\"image.default\">\n\t\t\t\t<div class=\"elementor-widget-container\">\n\t\t\t\t\t\t\t\t\t\t\t\t\t\t\t<img loading=\"lazy\" decoding=\"async\" width=\"1024\" height=\"1024\" src=\"https:\/\/zecha.de\/wp-content\/uploads\/2024\/07\/BrandingPic3-1-1024x1024.jpg\" class=\"attachment-large size-large wp-image-13091\" alt=\"\" srcset=\"https:\/\/zecha.de\/wp-content\/uploads\/2024\/07\/BrandingPic3-1-1024x1024.jpg 1024w, https:\/\/zecha.de\/wp-content\/uploads\/2024\/07\/BrandingPic3-1-300x300.jpg 300w, https:\/\/zecha.de\/wp-content\/uploads\/2024\/07\/BrandingPic3-1-150x150.jpg 150w, https:\/\/zecha.de\/wp-content\/uploads\/2024\/07\/BrandingPic3-1-768x768.jpg 768w, https:\/\/zecha.de\/wp-content\/uploads\/2024\/07\/BrandingPic3-1-75x75.jpg 75w, https:\/\/zecha.de\/wp-content\/uploads\/2024\/07\/BrandingPic3-1-700x700.jpg 700w, https:\/\/zecha.de\/wp-content\/uploads\/2024\/07\/BrandingPic3-1.jpg 1080w\" sizes=\"(max-width:767px) 700px, (max-width:1024px) 100vw, 1024px\" \/>\t\t\t\t\t\t\t\t\t\t\t\t\t\t\t<\/div>\n\t\t\t\t<\/div>\n\t\t\t\t<\/div>\n\t\t\t\t\t<\/div>\n\t\t\t\t<\/div>\n\t\t<div class=\"elementor-element elementor-element-ef24788 e-flex e-con-boxed e-con e-parent\" data-id=\"ef24788\" data-element_type=\"container\" data-e-type=\"container\">\n\t\t\t\t\t<div class=\"e-con-inner\">\n\t\t\t\t<div class=\"elementor-element elementor-element-6df5f54 elementor-widget-mobile__width-initial elementor-widget elementor-widget-heading\" data-id=\"6df5f54\" data-element_type=\"widget\" data-e-type=\"widget\" data-widget_type=\"heading.default\">\n\t\t\t\t<div class=\"elementor-widget-container\">\n\t\t\t\t\t<h1 class=\"elementor-heading-title elementor-size-default\"><b>ENTWICKLUNG DES ZECHA-LOGOS <\/b><\/h1>\t\t\t\t<\/div>\n\t\t\t\t<\/div>\n\t\t<div class=\"elementor-element elementor-element-05c13cf e-con-full e-flex e-con e-child\" data-id=\"05c13cf\" data-element_type=\"container\" data-e-type=\"container\">\n\t\t\t\t<div class=\"elementor-element elementor-element-32c9eb5 elementor-widget__width-initial elementor-widget elementor-widget-text-editor\" data-id=\"32c9eb5\" data-element_type=\"widget\" data-e-type=\"widget\" data-widget_type=\"text-editor.default\">\n\t\t\t\t<div class=\"elementor-widget-container\">\n\t\t\t\t\t\t\t\t\t<p>Unten finden Sie eine visuelle Zeitleiste, die die Entwicklung des ZECHA-Logos zeigt. Beginnend mit dem urspr\u00fcnglichen &#8216;EZ&#8217;-Logo, das von unserem Gr\u00fcnder Erwin Zecha entworfen wurde, repr\u00e4sentiert jede Iteration einen bedeutenden Meilenstein in unserer Reise der Innovation und des Wachstums. Vom klassischen &#8216;EZ&#8217;-Emblem bis hin zum heutigen modernen, pr\u00e4zisen Kreisdesign spiegelt unser Logo die best\u00e4ndigen Werte und die bahnbrechenden Fortschritte wider, die ZECHA auszeichnen. Erkunden Sie, wie sich unsere Marke entwickelt hat, w\u00e4hrend sie den Urspr\u00fcngen der Pr\u00e4zision und Exzellenz treu geblieben ist, die alles ins Rollen brachten.<\/p>\n\t\t\t\t\t\t\t\t<\/div>\n\t\t\t\t<\/div>\n\t\t\t\t<\/div>\n\t\t\t\t<div class=\"elementor-element elementor-element-ceb5cef elementor-widget__width-initial elementor-widget elementor-widget-image\" data-id=\"ceb5cef\" data-element_type=\"widget\" data-e-type=\"widget\" data-widget_type=\"image.default\">\n\t\t\t\t<div class=\"elementor-widget-container\">\n\t\t\t\t\t\t\t\t\t\t\t\t\t\t\t<img loading=\"lazy\" decoding=\"async\" width=\"1024\" height=\"184\" src=\"https:\/\/zecha.de\/wp-content\/uploads\/2024\/07\/TimeLinelogos-1024x184.jpg\" class=\"attachment-large size-large wp-image-13858\" alt=\"\" srcset=\"https:\/\/zecha.de\/wp-content\/uploads\/2024\/07\/TimeLinelogos-1024x184.jpg 1024w, https:\/\/zecha.de\/wp-content\/uploads\/2024\/07\/TimeLinelogos-300x54.jpg 300w, https:\/\/zecha.de\/wp-content\/uploads\/2024\/07\/TimeLinelogos-768x138.jpg 768w, https:\/\/zecha.de\/wp-content\/uploads\/2024\/07\/TimeLinelogos-1536x277.jpg 1536w, https:\/\/zecha.de\/wp-content\/uploads\/2024\/07\/TimeLinelogos-2048x369.jpg 2048w, https:\/\/zecha.de\/wp-content\/uploads\/2024\/07\/TimeLinelogos-150x27.jpg 150w, https:\/\/zecha.de\/wp-content\/uploads\/2024\/07\/TimeLinelogos-700x126.jpg 700w\" sizes=\"(max-width:767px) 700px, (max-width:1024px) 100vw, 1024px\" \/>\t\t\t\t\t\t\t\t\t\t\t\t\t\t\t<\/div>\n\t\t\t\t<\/div>\n\t\t\t\t\t<\/div>\n\t\t\t\t<\/div>\n\t\t<div class=\"elementor-element elementor-element-57682f6 e-con-full elementor-hidden-desktop elementor-hidden-tablet e-flex e-con e-parent\" data-id=\"57682f6\" data-element_type=\"container\" data-e-type=\"container\" data-settings=\"{&quot;background_background&quot;:&quot;classic&quot;}\">\n\t\t<div class=\"elementor-element elementor-element-edb9b9e e-con-full e-flex e-con e-child\" data-id=\"edb9b9e\" data-element_type=\"container\" data-e-type=\"container\">\n\t\t\t\t<div class=\"elementor-element elementor-element-cb794ee elementor-widget-divider--view-line elementor-widget elementor-widget-divider\" data-id=\"cb794ee\" data-element_type=\"widget\" data-e-type=\"widget\" data-widget_type=\"divider.default\">\n\t\t\t\t<div class=\"elementor-widget-container\">\n\t\t\t\t\t\t\t<div class=\"elementor-divider\">\n\t\t\t<span class=\"elementor-divider-separator\">\n\t\t\t\t\t\t<\/span>\n\t\t<\/div>\n\t\t\t\t\t\t<\/div>\n\t\t\t\t<\/div>\n\t\t\t\t<div class=\"elementor-element elementor-element-fd5713b elementor-widget elementor-widget-image\" data-id=\"fd5713b\" data-element_type=\"widget\" data-e-type=\"widget\" data-widget_type=\"image.default\">\n\t\t\t\t<div class=\"elementor-widget-container\">\n\t\t\t\t\t\t\t\t\t\t\t\t\t\t\t<img loading=\"lazy\" decoding=\"async\" width=\"315\" height=\"108\" src=\"https:\/\/zecha.de\/wp-content\/uploads\/2023\/04\/logoBlack.png\" class=\"attachment-large size-large wp-image-835\" alt=\"\" srcset=\"https:\/\/zecha.de\/wp-content\/uploads\/2023\/04\/logoBlack.png 315w, https:\/\/zecha.de\/wp-content\/uploads\/2023\/04\/logoBlack-300x103.png 300w, https:\/\/zecha.de\/wp-content\/uploads\/2023\/04\/logoBlack-260x89.png 260w, https:\/\/zecha.de\/wp-content\/uploads\/2023\/04\/logoBlack-50x17.png 50w, https:\/\/zecha.de\/wp-content\/uploads\/2023\/04\/logoBlack-150x51.png 150w\" sizes=\"(max-width:767px) 315px, 315px\" \/>\t\t\t\t\t\t\t\t\t\t\t\t\t\t\t<\/div>\n\t\t\t\t<\/div>\n\t\t\t\t<\/div>\n\t\t<div class=\"elementor-element elementor-element-dd3b09d e-con-full e-flex e-con e-child\" data-id=\"dd3b09d\" data-element_type=\"container\" data-e-type=\"container\">\n\t\t\t\t<div class=\"elementor-element elementor-element-a2488b0 elementor-widget elementor-widget-text-editor\" data-id=\"a2488b0\" data-element_type=\"widget\" data-e-type=\"widget\" data-widget_type=\"text-editor.default\">\n\t\t\t\t<div class=\"elementor-widget-container\">\n\t\t\t\t\t\t\t\t\t<p>ZECHA Hartmetall-<br \/>Werkzeugfabrikation GmbH<br \/>Benzstra\u00dfe 2<br \/>D-75203 Konigsbach-Stein<\/p>\n\t\t\t\t\t\t\t\t<\/div>\n\t\t\t\t<\/div>\n\t\t\t\t<\/div>\n\t\t<div class=\"elementor-element elementor-element-6c51f22 e-con-full e-flex e-con e-child\" data-id=\"6c51f22\" data-element_type=\"container\" data-e-type=\"container\">\n\t\t\t\t<div class=\"elementor-element elementor-element-44df631 elementor-widget elementor-widget-text-editor\" data-id=\"44df631\" data-element_type=\"widget\" data-e-type=\"widget\" data-widget_type=\"text-editor.default\">\n\t\t\t\t<div class=\"elementor-widget-container\">\n\t\t\t\t\t\t\t\t\t<p>+49 7232 3022-0<br \/><a style=\"color: #000000;\" href=\"mailto:info@zecha.de\" target=\"_blank\" rel=\"noopener\">info@zecha.de<\/a><br \/><a style=\"color: #000000;\" href=\"https:\/\/zecha.de\/de\/kontakt\/\">Kontakt<\/a><br \/><a style=\"color: #000000;\" href=\"https:\/\/zecha.shop\/webshop\/sdr\/showSDR\">Schnittdatenrechner<\/a><\/p>\t\t\t\t\t\t\t\t<\/div>\n\t\t\t\t<\/div>\n\t\t\t\t<\/div>\n\t\t<div class=\"elementor-element elementor-element-3e11c22 e-con-full e-flex e-con e-child\" data-id=\"3e11c22\" data-element_type=\"container\" data-e-type=\"container\">\n\t\t\t\t<div class=\"elementor-element elementor-element-4b680a6 elementor-widget elementor-widget-text-editor\" data-id=\"4b680a6\" data-element_type=\"widget\" data-e-type=\"widget\" data-widget_type=\"text-editor.default\">\n\t\t\t\t<div class=\"elementor-widget-container\">\n\t\t\t\t\t\t\t\t\t<p><a style=\"color: #000000;\" href=\"https:\/\/zecha.de\/de\/impressum\/\" target=\"_blank\" rel=\"noopener\">Impressum<\/a><br \/><a style=\"color: #000000;\" href=\"https:\/\/zecha.de\/de\/impressum\/\" target=\"_blank\" rel=\"noopener\">Datenschutz<\/a><br \/><a style=\"color: #000000;\" href=\"https:\/\/zecha.de\/de\/kontakt\/\">Newsletter Anmeldung<\/a><br \/>ISO 9001 Zertifikat<\/p>\t\t\t\t\t\t\t\t<\/div>\n\t\t\t\t<\/div>\n\t\t\t\t<div class=\"elementor-element elementor-element-14a41ac elementor-hidden-desktop elementor-hidden-tablet elementor-grid-mobile-2 e-grid-align-mobile-center elementor-shape-rounded elementor-grid-0 e-grid-align-center elementor-widget elementor-widget-social-icons\" data-id=\"14a41ac\" data-element_type=\"widget\" data-e-type=\"widget\" data-widget_type=\"social-icons.default\">\n\t\t\t\t<div class=\"elementor-widget-container\">\n\t\t\t\t\t\t\t<div class=\"elementor-social-icons-wrapper elementor-grid\" role=\"list\">\n\t\t\t\t\t\t\t<span class=\"elementor-grid-item\" role=\"listitem\">\n\t\t\t\t\t<a class=\"elementor-icon elementor-social-icon elementor-social-icon-instagram elementor-animation-bob elementor-repeater-item-da6e5a3\" href=\"https:\/\/www.instagram.com\/zechatools\/?hl=en\" target=\"_blank\">\n\t\t\t\t\t\t<span class=\"elementor-screen-only\">Instagram<\/span>\n\t\t\t\t\t\t<i aria-hidden=\"true\" class=\"fab fa-instagram\"><\/i>\t\t\t\t\t<\/a>\n\t\t\t\t<\/span>\n\t\t\t\t\t\t\t<span class=\"elementor-grid-item\" role=\"listitem\">\n\t\t\t\t\t<a class=\"elementor-icon elementor-social-icon elementor-social-icon-twitch elementor-animation-bob elementor-repeater-item-c09a218\" target=\"_blank\">\n\t\t\t\t\t\t<span class=\"elementor-screen-only\">Twitch<\/span>\n\t\t\t\t\t\t<i aria-hidden=\"true\" class=\"fab fa-twitch\"><\/i>\t\t\t\t\t<\/a>\n\t\t\t\t<\/span>\n\t\t\t\t\t\t\t<span class=\"elementor-grid-item\" role=\"listitem\">\n\t\t\t\t\t<a class=\"elementor-icon elementor-social-icon elementor-social-icon-youtube elementor-animation-bob elementor-repeater-item-e7fc597\" href=\"https:\/\/www.youtube.com\/@zechatools\" target=\"_blank\">\n\t\t\t\t\t\t<span class=\"elementor-screen-only\">Youtube<\/span>\n\t\t\t\t\t\t<i aria-hidden=\"true\" class=\"fab fa-youtube\"><\/i>\t\t\t\t\t<\/a>\n\t\t\t\t<\/span>\n\t\t\t\t\t\t\t<span class=\"elementor-grid-item\" role=\"listitem\">\n\t\t\t\t\t<a class=\"elementor-icon elementor-social-icon elementor-social-icon-facebook elementor-animation-bob elementor-repeater-item-9db330a\" href=\"https:\/\/www.facebook.com\/zechatools?_rdr\" target=\"_blank\">\n\t\t\t\t\t\t<span class=\"elementor-screen-only\">Facebook<\/span>\n\t\t\t\t\t\t<i aria-hidden=\"true\" class=\"fab fa-facebook\"><\/i>\t\t\t\t\t<\/a>\n\t\t\t\t<\/span>\n\t\t\t\t\t<\/div>\n\t\t\t\t\t\t<\/div>\n\t\t\t\t<\/div>\n\t\t\t\t<\/div>\n\t\t\t\t<\/div>\n\t\t\t\t<\/div>\n\t\t","protected":false},"excerpt":{"rendered":"<p>DAS NEUE ZECHA-BRANDING Willkommen zum neuen Gesicht von ZECHA! Unser aufgefrischtes Branding markiert ein spannendes Kapitel in unserer Reise und spiegelt unser Engagement f\u00fcr Pr\u00e4zision und<span class=\"excerpt-hellip\"> [\u2026]<\/span><\/p>\n","protected":false},"author":2,"featured_media":0,"parent":0,"menu_order":0,"comment_status":"closed","ping_status":"closed","template":"","meta":{"footnotes":""},"class_list":["post-14403","page","type-page","status-publish","hentry"],"_links":{"self":[{"href":"https:\/\/zecha.de\/de\/wp-json\/wp\/v2\/pages\/14403","targetHints":{"allow":["GET"]}}],"collection":[{"href":"https:\/\/zecha.de\/de\/wp-json\/wp\/v2\/pages"}],"about":[{"href":"https:\/\/zecha.de\/de\/wp-json\/wp\/v2\/types\/page"}],"author":[{"embeddable":true,"href":"https:\/\/zecha.de\/de\/wp-json\/wp\/v2\/users\/2"}],"replies":[{"embeddable":true,"href":"https:\/\/zecha.de\/de\/wp-json\/wp\/v2\/comments?post=14403"}],"version-history":[{"count":22,"href":"https:\/\/zecha.de\/de\/wp-json\/wp\/v2\/pages\/14403\/revisions"}],"predecessor-version":[{"id":18673,"href":"https:\/\/zecha.de\/de\/wp-json\/wp\/v2\/pages\/14403\/revisions\/18673"}],"wp:attachment":[{"href":"https:\/\/zecha.de\/de\/wp-json\/wp\/v2\/media?parent=14403"}],"curies":[{"name":"wp","href":"https:\/\/api.w.org\/{rel}","templated":true}]}}