{"id":14428,"date":"2024-07-11T09:57:29","date_gmt":"2024-07-11T09:57:29","guid":{"rendered":"https:\/\/dev.zecha.de\/dienstleistungen\/"},"modified":"2025-01-22T12:58:01","modified_gmt":"2025-01-22T12:58:01","slug":"dienstleistungen","status":"publish","type":"page","link":"https:\/\/zecha.de\/de\/dienstleistungen\/","title":{"rendered":"DIENSTLEISTUNGEN"},"content":{"rendered":"\t\t<div data-elementor-type=\"wp-page\" data-elementor-id=\"14428\" class=\"elementor elementor-14428 elementor-12376\" data-elementor-post-type=\"page\">\n\t\t\t\t<div class=\"elementor-element elementor-element-977e229 e-flex e-con-boxed e-con e-parent\" data-id=\"977e229\" data-element_type=\"container\" data-e-type=\"container\">\n\t\t\t\t\t<div class=\"e-con-inner\">\n\t\t\t\t<div class=\"elementor-element elementor-element-aeba848 elementor-widget elementor-widget-image\" data-id=\"aeba848\" data-element_type=\"widget\" data-e-type=\"widget\" data-widget_type=\"image.default\">\n\t\t\t\t<div class=\"elementor-widget-container\">\n\t\t\t\t\t\t\t\t\t\t\t\t\t\t\t<img fetchpriority=\"high\" decoding=\"async\" width=\"1024\" height=\"412\" src=\"https:\/\/zecha.de\/wp-content\/uploads\/2024\/08\/LogoServiceDE-3-1024x412.jpg\" class=\"attachment-large size-large wp-image-14527\" alt=\"\" srcset=\"https:\/\/zecha.de\/wp-content\/uploads\/2024\/08\/LogoServiceDE-3-1024x412.jpg 1024w, https:\/\/zecha.de\/wp-content\/uploads\/2024\/08\/LogoServiceDE-3-300x121.jpg 300w, https:\/\/zecha.de\/wp-content\/uploads\/2024\/08\/LogoServiceDE-3-768x309.jpg 768w, https:\/\/zecha.de\/wp-content\/uploads\/2024\/08\/LogoServiceDE-3-1536x618.jpg 1536w, https:\/\/zecha.de\/wp-content\/uploads\/2024\/08\/LogoServiceDE-3-150x60.jpg 150w, https:\/\/zecha.de\/wp-content\/uploads\/2024\/08\/LogoServiceDE-3-700x282.jpg 700w, https:\/\/zecha.de\/wp-content\/uploads\/2024\/08\/LogoServiceDE-3.jpg 1555w\" sizes=\"(max-width:767px) 700px, (max-width:1024px) 100vw, 1024px\" \/>\t\t\t\t\t\t\t\t\t\t\t\t\t\t\t<\/div>\n\t\t\t\t<\/div>\n\t\t\t\t<div class=\"elementor-element elementor-element-d28029d elementor-widget elementor-widget-heading\" data-id=\"d28029d\" data-element_type=\"widget\" data-e-type=\"widget\" data-widget_type=\"heading.default\">\n\t\t\t\t<div class=\"elementor-widget-container\">\n\t\t\t\t\t<h3 class=\"elementor-heading-title elementor-size-default\">Ihr Fr\u00e4serlebnis verbessern<\/h3>\t\t\t\t<\/div>\n\t\t\t\t<\/div>\n\t\t<div class=\"elementor-element elementor-element-642e983 e-con-full e-flex e-con e-child\" data-id=\"642e983\" data-element_type=\"container\" data-e-type=\"container\">\n\t\t\t\t<div class=\"elementor-element elementor-element-59874bd elementor-widget elementor-widget-text-editor\" data-id=\"59874bd\" data-element_type=\"widget\" data-e-type=\"widget\" data-widget_type=\"text-editor.default\">\n\t\t\t\t<div class=\"elementor-widget-container\">\n\t\t\t\t\t\t\t\t\t<p>Bei ZECHA gehen wir \u00fcber die Bereitstellung hochpr\u00e4ziser Fr\u00e4swerkzeuge hinaus und bieten eine Reihe erg\u00e4nzender Dienstleistungen an, die darauf ausgelegt sind, Ihre Produktivit\u00e4t und Effizienz zu maximieren. Unser neuer Turnkey L\u00f6sungen-Service bietet komplette, einsatzbereite Fr\u00e4sl\u00f6sungen, von der ersten Konzeptentwicklung bis hin zur Installation vor Ort, und gew\u00e4hrleistet Pr\u00e4zision und Qualit\u00e4t in jeder Phase. Zus\u00e4tzlich verl\u00e4ngert unser Nachschleifprogramm die Lebensdauer Ihrer Werkzeuge, erh\u00e4lt deren Leistungsf\u00e4higkeit und spart Ihnen Kosten. Zusammen bilden diese Dienstleistungen ein umfassendes Unterst\u00fctzungssystem, das es Ihnen erm\u00f6glicht, au\u00dfergew\u00f6hnliche Ergebnisse mit minimalem Aufwand zu erzielen. Erfahren Sie, wie ZECHAs Engagement f\u00fcr Exzellenz Ihre Fr\u00e4soperationen auf ein neues Niveau heben kann.<\/p>\n\t\t\t\t\t\t\t\t<\/div>\n\t\t\t\t<\/div>\n\t\t\t\t<\/div>\n\t\t\t\t\t<\/div>\n\t\t\t\t<\/div>\n\t\t<div class=\"elementor-element elementor-element-d8e5e30 e-flex e-con-boxed e-con e-parent\" data-id=\"d8e5e30\" data-element_type=\"container\" data-e-type=\"container\">\n\t\t\t\t\t<div class=\"e-con-inner\">\n\t\t<div class=\"elementor-element elementor-element-323656a e-con-full e-flex e-con e-child\" data-id=\"323656a\" data-element_type=\"container\" data-e-type=\"container\">\n\t\t\t\t<div class=\"elementor-element elementor-element-be20b2a elementor-widget__width-initial elementor-widget elementor-widget-image\" data-id=\"be20b2a\" data-element_type=\"widget\" data-e-type=\"widget\" data-widget_type=\"image.default\">\n\t\t\t\t<div class=\"elementor-widget-container\">\n\t\t\t\t\t\t\t\t\t\t\t\t\t\t\t<img decoding=\"async\" width=\"1024\" height=\"1024\" src=\"https:\/\/zecha.de\/wp-content\/uploads\/2024\/07\/turnkey-1-1024x1024.jpg\" class=\"attachment-large size-large wp-image-12446\" alt=\"\" srcset=\"https:\/\/zecha.de\/wp-content\/uploads\/2024\/07\/turnkey-1-1024x1024.jpg 1024w, https:\/\/zecha.de\/wp-content\/uploads\/2024\/07\/turnkey-1-300x300.jpg 300w, https:\/\/zecha.de\/wp-content\/uploads\/2024\/07\/turnkey-1-150x150.jpg 150w, https:\/\/zecha.de\/wp-content\/uploads\/2024\/07\/turnkey-1-768x768.jpg 768w, https:\/\/zecha.de\/wp-content\/uploads\/2024\/07\/turnkey-1-75x75.jpg 75w, https:\/\/zecha.de\/wp-content\/uploads\/2024\/07\/turnkey-1-700x700.jpg 700w, https:\/\/zecha.de\/wp-content\/uploads\/2024\/07\/turnkey-1.jpg 1080w\" sizes=\"(max-width:767px) 700px, (max-width:1024px) 100vw, 1024px\" \/>\t\t\t\t\t\t\t\t\t\t\t\t\t\t\t<\/div>\n\t\t\t\t<\/div>\n\t\t\t\t<\/div>\n\t\t<div class=\"elementor-element elementor-element-3f84056 e-con-full e-flex e-con e-child\" data-id=\"3f84056\" data-element_type=\"container\" data-e-type=\"container\">\n\t\t\t\t<div class=\"elementor-element elementor-element-78a9362 elementor-widget-mobile__width-initial elementor-widget elementor-widget-heading\" data-id=\"78a9362\" data-element_type=\"widget\" data-e-type=\"widget\" data-widget_type=\"heading.default\">\n\t\t\t\t<div class=\"elementor-widget-container\">\n\t\t\t\t\t<h1 class=\"elementor-heading-title elementor-size-default\"><b>TURNKEY L\u00d6SUNGEN <\/b><\/h1>\t\t\t\t<\/div>\n\t\t\t\t<\/div>\n\t\t\t\t<div class=\"elementor-element elementor-element-789b554 elementor-widget-mobile__width-initial elementor-widget elementor-widget-text-editor\" data-id=\"789b554\" data-element_type=\"widget\" data-e-type=\"widget\" data-widget_type=\"text-editor.default\">\n\t\t\t\t<div class=\"elementor-widget-container\">\n\t\t\t\t\t\t\t\t\t<h3>Ma\u00dfgeschneiderte Fr\u00e4sl\u00f6sungen f\u00fcr Effizienz und Pr\u00e4zision<\/h3>\t\t\t\t\t\t\t\t<\/div>\n\t\t\t\t<\/div>\n\t\t\t\t<div class=\"elementor-element elementor-element-611aee1 elementor-widget__width-initial elementor-widget elementor-widget-text-editor\" data-id=\"611aee1\" data-element_type=\"widget\" data-e-type=\"widget\" data-widget_type=\"text-editor.default\">\n\t\t\t\t<div class=\"elementor-widget-container\">\n\t\t\t\t\t\t\t\t\t<p>Als f\u00fchrender Anbieter von hochpr\u00e4zisen Mikrofr\u00e4swerkzeugen stellt ZECHA stolz seinen innovativen Turnkey L\u00f6sungen Service vor. Mit \u00fcber 60 Jahren Erfahrung in der Mikrozerspanung bietet ZECHA umfassende, einsatzbereite L\u00f6sungen, um die anspruchsvollsten Fr\u00e4saufgaben zu meistern. Unsere Turnkey-Dienstleistungen umfassen alles von der ersten Konzeptentwicklung bis hin zur Installation vor Ort und stellen sicher, dass jeder Schritt des Fr\u00e4sprozesses auf Effizienz und Pr\u00e4zision optimiert ist.<\/p>\n<p>Der Turnkey L\u00f6sungen Service von ZECHA umfasst ma\u00dfgeschneiderte Teileproduktion, spezifische Werkzeugentwicklung und vollst\u00e4ndige Prozessentwicklung. In enger Zusammenarbeit mit unseren Anwendungstechnikern und der Forschungs- und Entwicklungsabteilung passen wir Fr\u00e4sl\u00f6sungen an die spezifischen Kundenbed\u00fcrfnisse an und nutzen dabei fortschrittliche Messtechnik und modernste Maschinen. Dieser ganzheitliche Ansatz spart nicht nur Zeit und Ressourcen, sondern garantiert auch erstklassige Ergebnisse, wodurch ZECHA Ihr vertrauensw\u00fcrdiger Partner f\u00fcr Pr\u00e4zision und Exzellenz im Fr\u00e4sen wird.<\/p>\n\t\t\t\t\t\t\t\t<\/div>\n\t\t\t\t<\/div>\n\t\t\t\t<div class=\"elementor-element elementor-element-25a5c87 elementor-align-left elementor-mobile-align-center elementor-widget-mobile__width-initial elementor-widget__width-inherit elementor-widget elementor-widget-button\" data-id=\"25a5c87\" data-element_type=\"widget\" data-e-type=\"widget\" data-widget_type=\"button.default\">\n\t\t\t\t<div class=\"elementor-widget-container\">\n\t\t\t\t\t\t\t\t\t<div class=\"elementor-button-wrapper\">\n\t\t\t\t\t<a class=\"elementor-button elementor-button-link elementor-size-sm\" href=\"https:\/\/zecha.de\/wp-content\/uploads\/2025\/01\/TurnkeyFlyerDE072024Web.pdf\" target=\"_blank\">\n\t\t\t\t\t\t<span class=\"elementor-button-content-wrapper\">\n\t\t\t\t\t\t\t\t\t<span class=\"elementor-button-text\">WEITERLESEN<\/span>\n\t\t\t\t\t<\/span>\n\t\t\t\t\t<\/a>\n\t\t\t\t<\/div>\n\t\t\t\t\t\t\t\t<\/div>\n\t\t\t\t<\/div>\n\t\t\t\t<\/div>\n\t\t\t\t\t<\/div>\n\t\t\t\t<\/div>\n\t\t<div class=\"elementor-element elementor-element-aa1322d e-flex e-con-boxed e-con e-parent\" data-id=\"aa1322d\" data-element_type=\"container\" data-e-type=\"container\" data-settings=\"{&quot;background_background&quot;:&quot;classic&quot;}\">\n\t\t\t\t\t<div class=\"e-con-inner\">\n\t\t<div class=\"elementor-element elementor-element-485ab3a e-con-full e-flex e-con e-child\" data-id=\"485ab3a\" data-element_type=\"container\" data-e-type=\"container\">\n\t\t\t\t<div class=\"elementor-element elementor-element-1b16ed7 elementor-widget-mobile__width-initial elementor-widget elementor-widget-heading\" data-id=\"1b16ed7\" data-element_type=\"widget\" data-e-type=\"widget\" data-widget_type=\"heading.default\">\n\t\t\t\t<div class=\"elementor-widget-container\">\n\t\t\t\t\t<h1 class=\"elementor-heading-title elementor-size-default\"><b> NACHSCHLEIFSERVICE <\/b><\/h1>\t\t\t\t<\/div>\n\t\t\t\t<\/div>\n\t\t\t\t<div class=\"elementor-element elementor-element-0c356fd elementor-widget__width-initial elementor-widget elementor-widget-text-editor\" data-id=\"0c356fd\" data-element_type=\"widget\" data-e-type=\"widget\" data-widget_type=\"text-editor.default\">\n\t\t\t\t<div class=\"elementor-widget-container\">\n\t\t\t\t\t\t\t\t\t<p>M\u00fcssen Ihre ZECHA-Werkzeuge* auf die urspr\u00fcnglichen Spezifikationen nachgeschliffen werden? Wir k\u00fcmmern uns darum! Setzen Sie sich einfach mit unserem Partner, Wema Zerspanungswerkzeuge GmbH, in Verbindung, um loszulegen.<\/p>\n<p>Zun\u00e4chst wenden Sie sich telefonisch unter +49 8441 85916-0 oder per E-Mail an b.wallner@wema-zerspanungswerkzeuge.de Nach Kontaktaufnahme erhalten Sie f\u00fcr eine Leihgeb\u00fchr von 30 \u20ac eine ZECHA-Werkzeugbox.<\/p>\n<p>F\u00fcllen Sie anschlie\u00dfend die Werkzeugbox mit Ihren Werkzeugen, und Wema wird die Abholung der gef\u00fcllten Werkzeugbox innerhalb von 24 Stunden organisieren. Der Nachschleifprozess, der den strengen Richtlinien von ZECHA folgt, dauert etwa 12-14 Tage. Falls erforderlich, werden die Werkzeuge w\u00e4hrend dieser Zeit ebenfalls beschichtet.<\/p>\n<p>Sobald das Nachschleifen und die Beschichtung abgeschlossen sind, wird Ihnen die Werkzeugbox mit Ihren nachgeschliffenen Werkzeugen zur\u00fcckgeliefert, und Wema stellt Ihnen eine Rechnung f\u00fcr den Service aus.<\/p>\n<p>*Der Nachschleifservice ist f\u00fcr ausgew\u00e4hlte Serien ab \u00d8 6 mm verf\u00fcgbar.<br \/>*Nachschleifbare Abmessungen sind im ZECHA-Shop angegeben.<\/p>\n\t\t\t\t\t\t\t\t<\/div>\n\t\t\t\t<\/div>\n\t\t\t\t<div class=\"elementor-element elementor-element-1f33289 elementor-align-right elementor-mobile-align-center elementor-widget-mobile__width-initial elementor-widget__width-inherit elementor-widget elementor-widget-button\" data-id=\"1f33289\" data-element_type=\"widget\" data-e-type=\"widget\" data-widget_type=\"button.default\">\n\t\t\t\t<div class=\"elementor-widget-container\">\n\t\t\t\t\t\t\t\t\t<div class=\"elementor-button-wrapper\">\n\t\t\t\t\t<a class=\"elementor-button elementor-button-link elementor-size-sm\" href=\"mailto:b.wallner@wema-zerspanungswerkzeuge.de?subject=Re-Grinding%20Anfrage%20von%20Zecha.de\">\n\t\t\t\t\t\t<span class=\"elementor-button-content-wrapper\">\n\t\t\t\t\t\t\t\t\t<span class=\"elementor-button-text\">WEMA KONTAKTIEREN<\/span>\n\t\t\t\t\t<\/span>\n\t\t\t\t\t<\/a>\n\t\t\t\t<\/div>\n\t\t\t\t\t\t\t\t<\/div>\n\t\t\t\t<\/div>\n\t\t\t\t<\/div>\n\t\t<div class=\"elementor-element elementor-element-075e70b e-con-full e-flex e-con e-child\" data-id=\"075e70b\" data-element_type=\"container\" data-e-type=\"container\">\n\t\t\t\t<div class=\"elementor-element elementor-element-e2deab6 elementor-widget__width-initial elementor-widget elementor-widget-image\" data-id=\"e2deab6\" data-element_type=\"widget\" data-e-type=\"widget\" data-widget_type=\"image.default\">\n\t\t\t\t<div class=\"elementor-widget-container\">\n\t\t\t\t\t\t\t\t\t\t\t\t\t\t\t<img decoding=\"async\" width=\"1080\" height=\"1080\" src=\"https:\/\/zecha.de\/wp-content\/uploads\/2024\/08\/ServicesPageDE-1.jpg\" class=\"attachment-2048x2048 size-2048x2048 wp-image-14535\" alt=\"\" srcset=\"https:\/\/zecha.de\/wp-content\/uploads\/2024\/08\/ServicesPageDE-1.jpg 1080w, https:\/\/zecha.de\/wp-content\/uploads\/2024\/08\/ServicesPageDE-1-300x300.jpg 300w, https:\/\/zecha.de\/wp-content\/uploads\/2024\/08\/ServicesPageDE-1-1024x1024.jpg 1024w, https:\/\/zecha.de\/wp-content\/uploads\/2024\/08\/ServicesPageDE-1-150x150.jpg 150w, https:\/\/zecha.de\/wp-content\/uploads\/2024\/08\/ServicesPageDE-1-768x768.jpg 768w, https:\/\/zecha.de\/wp-content\/uploads\/2024\/08\/ServicesPageDE-1-75x75.jpg 75w, https:\/\/zecha.de\/wp-content\/uploads\/2024\/08\/ServicesPageDE-1-700x700.jpg 700w\" sizes=\"(max-width:767px) 700px, (max-width:1080px) 100vw, 1080px\" \/>\t\t\t\t\t\t\t\t\t\t\t\t\t\t\t<\/div>\n\t\t\t\t<\/div>\n\t\t\t\t<\/div>\n\t\t\t\t\t<\/div>\n\t\t\t\t<\/div>\n\t\t<div class=\"elementor-element elementor-element-e14f4be e-con-full elementor-hidden-desktop elementor-hidden-tablet e-flex e-con e-parent\" data-id=\"e14f4be\" data-element_type=\"container\" data-e-type=\"container\" data-settings=\"{&quot;background_background&quot;:&quot;classic&quot;}\">\n\t\t<div class=\"elementor-element elementor-element-d8cb65b e-con-full e-flex e-con e-child\" data-id=\"d8cb65b\" data-element_type=\"container\" data-e-type=\"container\">\n\t\t\t\t<div class=\"elementor-element elementor-element-0a44266 elementor-widget-divider--view-line elementor-widget elementor-widget-divider\" data-id=\"0a44266\" data-element_type=\"widget\" data-e-type=\"widget\" data-widget_type=\"divider.default\">\n\t\t\t\t<div class=\"elementor-widget-container\">\n\t\t\t\t\t\t\t<div class=\"elementor-divider\">\n\t\t\t<span class=\"elementor-divider-separator\">\n\t\t\t\t\t\t<\/span>\n\t\t<\/div>\n\t\t\t\t\t\t<\/div>\n\t\t\t\t<\/div>\n\t\t\t\t<div class=\"elementor-element elementor-element-4d43793 elementor-widget elementor-widget-image\" data-id=\"4d43793\" data-element_type=\"widget\" data-e-type=\"widget\" data-widget_type=\"image.default\">\n\t\t\t\t<div class=\"elementor-widget-container\">\n\t\t\t\t\t\t\t\t\t\t\t\t\t\t\t<img loading=\"lazy\" decoding=\"async\" width=\"315\" height=\"108\" src=\"https:\/\/zecha.de\/wp-content\/uploads\/2023\/04\/logoBlack.png\" class=\"attachment-large size-large wp-image-835\" alt=\"\" srcset=\"https:\/\/zecha.de\/wp-content\/uploads\/2023\/04\/logoBlack.png 315w, https:\/\/zecha.de\/wp-content\/uploads\/2023\/04\/logoBlack-300x103.png 300w, https:\/\/zecha.de\/wp-content\/uploads\/2023\/04\/logoBlack-260x89.png 260w, https:\/\/zecha.de\/wp-content\/uploads\/2023\/04\/logoBlack-50x17.png 50w, https:\/\/zecha.de\/wp-content\/uploads\/2023\/04\/logoBlack-150x51.png 150w\" sizes=\"(max-width:767px) 315px, 315px\" \/>\t\t\t\t\t\t\t\t\t\t\t\t\t\t\t<\/div>\n\t\t\t\t<\/div>\n\t\t\t\t<\/div>\n\t\t<div class=\"elementor-element elementor-element-1c7266b e-con-full e-flex e-con e-child\" data-id=\"1c7266b\" data-element_type=\"container\" data-e-type=\"container\">\n\t\t\t\t<div class=\"elementor-element elementor-element-8597b7a elementor-widget elementor-widget-text-editor\" data-id=\"8597b7a\" data-element_type=\"widget\" data-e-type=\"widget\" data-widget_type=\"text-editor.default\">\n\t\t\t\t<div class=\"elementor-widget-container\">\n\t\t\t\t\t\t\t\t\t<p>ZECHA Hartmetall-<br \/>Werkzeugfabrikation GmbH<br \/>Benzstra\u00dfe 2<br \/>D-75203 Konigsbach-Stein<\/p>\n\t\t\t\t\t\t\t\t<\/div>\n\t\t\t\t<\/div>\n\t\t\t\t<\/div>\n\t\t<div class=\"elementor-element elementor-element-e422c2f e-con-full e-flex e-con e-child\" data-id=\"e422c2f\" data-element_type=\"container\" data-e-type=\"container\">\n\t\t\t\t<div class=\"elementor-element elementor-element-7f9eae3 elementor-widget elementor-widget-text-editor\" data-id=\"7f9eae3\" data-element_type=\"widget\" data-e-type=\"widget\" data-widget_type=\"text-editor.default\">\n\t\t\t\t<div class=\"elementor-widget-container\">\n\t\t\t\t\t\t\t\t\t<p>+49 7232 3022-0<br \/><a style=\"color: #000000;\" href=\"mailto:info@zecha.de\" target=\"_blank\" rel=\"noopener\">info@zecha.de<\/a><br \/><a style=\"color: #000000;\" href=\"https:\/\/dev.zecha.de\/de\/kontakt\/\">Kontakt<\/a><br \/><a style=\"color: #000000;\" href=\"https:\/\/zecha.shop\/webshop\/sdr\/showSDR\">Schnittdatenrechner<\/a><\/p>\t\t\t\t\t\t\t\t<\/div>\n\t\t\t\t<\/div>\n\t\t\t\t<\/div>\n\t\t<div class=\"elementor-element elementor-element-63f801f e-con-full e-flex e-con e-child\" data-id=\"63f801f\" data-element_type=\"container\" data-e-type=\"container\">\n\t\t\t\t<div class=\"elementor-element elementor-element-a336137 elementor-widget elementor-widget-text-editor\" data-id=\"a336137\" data-element_type=\"widget\" data-e-type=\"widget\" data-widget_type=\"text-editor.default\">\n\t\t\t\t<div class=\"elementor-widget-container\">\n\t\t\t\t\t\t\t\t\t<p><a style=\"color: #000000;\" href=\"https:\/\/dev.zecha.de\/de\/impressum\/\" target=\"_blank\" rel=\"noopener\">Impressum<\/a><br \/><a style=\"color: #000000;\" href=\"https:\/\/dev.zecha.de\/de\/impressum\/\" target=\"_blank\" rel=\"noopener\">Datenschutz<\/a><br \/><a style=\"color: #000000;\" href=\"https:\/\/dev.zecha.de\/de\/kontakt\/\">Newsletter Anmeldung<\/a><br \/><a style=\"color: #000000;\" href=\"https:\/\/www.zecha.de\/images\/pdf\/2023_05_31_Zertifikat_und_Anlage_ZECHA_QM_de_ges.pdf\" target=\"_blank\" rel=\"noopener\">ISO 9001 Zertifikat<\/a><\/p>\t\t\t\t\t\t\t\t<\/div>\n\t\t\t\t<\/div>\n\t\t\t\t<div class=\"elementor-element elementor-element-9bc992b elementor-hidden-desktop elementor-hidden-tablet elementor-grid-mobile-2 e-grid-align-mobile-center elementor-shape-rounded elementor-grid-0 e-grid-align-center elementor-widget elementor-widget-social-icons\" data-id=\"9bc992b\" data-element_type=\"widget\" data-e-type=\"widget\" data-widget_type=\"social-icons.default\">\n\t\t\t\t<div class=\"elementor-widget-container\">\n\t\t\t\t\t\t\t<div class=\"elementor-social-icons-wrapper elementor-grid\" role=\"list\">\n\t\t\t\t\t\t\t<span class=\"elementor-grid-item\" role=\"listitem\">\n\t\t\t\t\t<a class=\"elementor-icon elementor-social-icon elementor-social-icon-instagram elementor-animation-bob elementor-repeater-item-da6e5a3\" href=\"https:\/\/www.instagram.com\/zechatools\/?hl=en\" target=\"_blank\">\n\t\t\t\t\t\t<span class=\"elementor-screen-only\">Instagram<\/span>\n\t\t\t\t\t\t<i aria-hidden=\"true\" class=\"fab fa-instagram\"><\/i>\t\t\t\t\t<\/a>\n\t\t\t\t<\/span>\n\t\t\t\t\t\t\t<span class=\"elementor-grid-item\" role=\"listitem\">\n\t\t\t\t\t<a class=\"elementor-icon elementor-social-icon elementor-social-icon-twitch elementor-animation-bob elementor-repeater-item-c09a218\" target=\"_blank\">\n\t\t\t\t\t\t<span class=\"elementor-screen-only\">Twitch<\/span>\n\t\t\t\t\t\t<i aria-hidden=\"true\" class=\"fab fa-twitch\"><\/i>\t\t\t\t\t<\/a>\n\t\t\t\t<\/span>\n\t\t\t\t\t\t\t<span class=\"elementor-grid-item\" role=\"listitem\">\n\t\t\t\t\t<a class=\"elementor-icon elementor-social-icon elementor-social-icon-youtube elementor-animation-bob elementor-repeater-item-e7fc597\" href=\"https:\/\/www.youtube.com\/@zechatools\" target=\"_blank\">\n\t\t\t\t\t\t<span class=\"elementor-screen-only\">Youtube<\/span>\n\t\t\t\t\t\t<i aria-hidden=\"true\" class=\"fab fa-youtube\"><\/i>\t\t\t\t\t<\/a>\n\t\t\t\t<\/span>\n\t\t\t\t\t\t\t<span class=\"elementor-grid-item\" role=\"listitem\">\n\t\t\t\t\t<a class=\"elementor-icon elementor-social-icon elementor-social-icon-facebook elementor-animation-bob elementor-repeater-item-9db330a\" href=\"https:\/\/www.facebook.com\/zechatools?_rdr\" target=\"_blank\">\n\t\t\t\t\t\t<span class=\"elementor-screen-only\">Facebook<\/span>\n\t\t\t\t\t\t<i aria-hidden=\"true\" class=\"fab fa-facebook\"><\/i>\t\t\t\t\t<\/a>\n\t\t\t\t<\/span>\n\t\t\t\t\t<\/div>\n\t\t\t\t\t\t<\/div>\n\t\t\t\t<\/div>\n\t\t\t\t<\/div>\n\t\t\t\t<\/div>\n\t\t\t\t<\/div>\n\t\t","protected":false},"excerpt":{"rendered":"<p>Ihr Fr\u00e4serlebnis verbessern Bei ZECHA gehen wir \u00fcber die Bereitstellung hochpr\u00e4ziser Fr\u00e4swerkzeuge hinaus und bieten eine Reihe erg\u00e4nzender Dienstleistungen an, die darauf ausgelegt sind, Ihre Produktivit\u00e4t<span class=\"excerpt-hellip\"> [\u2026]<\/span><\/p>\n","protected":false},"author":2,"featured_media":0,"parent":0,"menu_order":0,"comment_status":"closed","ping_status":"closed","template":"","meta":{"footnotes":""},"class_list":["post-14428","page","type-page","status-publish","hentry"],"_links":{"self":[{"href":"https:\/\/zecha.de\/de\/wp-json\/wp\/v2\/pages\/14428","targetHints":{"allow":["GET"]}}],"collection":[{"href":"https:\/\/zecha.de\/de\/wp-json\/wp\/v2\/pages"}],"about":[{"href":"https:\/\/zecha.de\/de\/wp-json\/wp\/v2\/types\/page"}],"author":[{"embeddable":true,"href":"https:\/\/zecha.de\/de\/wp-json\/wp\/v2\/users\/2"}],"replies":[{"embeddable":true,"href":"https:\/\/zecha.de\/de\/wp-json\/wp\/v2\/comments?post=14428"}],"version-history":[{"count":55,"href":"https:\/\/zecha.de\/de\/wp-json\/wp\/v2\/pages\/14428\/revisions"}],"predecessor-version":[{"id":20220,"href":"https:\/\/zecha.de\/de\/wp-json\/wp\/v2\/pages\/14428\/revisions\/20220"}],"wp:attachment":[{"href":"https:\/\/zecha.de\/de\/wp-json\/wp\/v2\/media?parent=14428"}],"curies":[{"name":"wp","href":"https:\/\/api.w.org\/{rel}","templated":true}]}}